{"id":315,"date":"2022-04-17T05:18:17","date_gmt":"2022-04-17T05:18:17","guid":{"rendered":"https:\/\/coayuda.cl\/web2\/?page_id=315"},"modified":"2022-05-10T16:17:08","modified_gmt":"2022-05-10T16:17:08","slug":"como-colaborar","status":"publish","type":"page","link":"https:\/\/coayuda.cl\/web2\/como-colaborar\/","title":{"rendered":"C\u00f3mo Colaborar"},"content":{"rendered":"<p>[et_pb_section fb_built=\u00bb1&#8243; fullwidth=\u00bbon\u00bb admin_label=\u00bbHeader\u00bb _builder_version=\u00bb4.9.4&#8243; background_color=\u00bb#1FE0BA\u00bb background_image=\u00bbhttps:\/\/coayuda.cl\/web2\/wp-content\/uploads\/2021\/05\/day_care_bg_02.png\u00bb parallax=\u00bbon\u00bb custom_margin=\u00bb||\u00bb custom_padding=\u00bb||\u00bb bottom_divider_height=\u00bb2vw\u00bb bottom_divider_height_last_edited=\u00bboff|desktop\u00bb][et_pb_fullwidth_header title=\u00bbC\u00f3mo Colaborar\u00bb text_orientation=\u00bbcenter\u00bb content_max_width=\u00bb650px\u00bb _builder_version=\u00bb4.9.4&#8243; title_font=\u00bbFredoka One||||||||\u00bb title_font_size=\u00bb80px\u00bb title_line_height=\u00bb1.4em\u00bb content_font=\u00bbMuli||||||||\u00bb content_font_size=\u00bb18px\u00bb content_line_height=\u00bb1.8em\u00bb subhead_font=\u00bb||||||||\u00bb background_color=\u00bbrgba(126,190,197,0)\u00bb custom_button_one=\u00bbon\u00bb button_one_text_size=\u00bb16px\u00bb button_one_text_color=\u00bb#ff236c\u00bb button_one_bg_color=\u00bb#ffffff\u00bb button_one_border_width=\u00bb12px\u00bb button_one_border_color=\u00bbrgba(0,0,0,0)\u00bb button_one_border_radius=\u00bb50px\u00bb button_one_letter_spacing=\u00bb4px\u00bb button_one_font=\u00bbFredoka One|||on|||||\u00bb button_one_use_icon=\u00bboff\u00bb custom_button_two=\u00bbon\u00bb button_two_text_size=\u00bb16px\u00bb button_two_text_color=\u00bb#ff236c\u00bb button_two_bg_color=\u00bb#ffffff\u00bb button_two_border_width=\u00bb12px\u00bb button_two_border_color=\u00bb#ffffff\u00bb button_two_border_radius=\u00bb50px\u00bb button_two_letter_spacing=\u00bb4px\u00bb button_two_font=\u00bbFredoka One|900||on|||||\u00bb button_two_use_icon=\u00bboff\u00bb custom_margin=\u00bb||||false\u00bb custom_padding=\u00bb15vw||15vw||true|\u00bb custom_padding_last_edited=\u00bboff|desktop\u00bb animation_style=\u00bbzoom\u00bb animation_intensity_zoom=\u00bb5%\u00bb title_font_size_tablet=\u00bb60px\u00bb title_font_size_phone=\u00bb40px\u00bb title_font_size_last_edited=\u00bbon|phone\u00bb content_font_size_tablet=\u00bb\u00bb content_font_size_phone=\u00bb16px\u00bb content_font_size_last_edited=\u00bbon|phone\u00bb custom_css_header_container=\u00bbwidth: 100%;\u00bb title_text_shadow_style=\u00bbpreset1&#8243; title_text_shadow_blur_strength=\u00bb0.14em\u00bb title_text_shadow_color=\u00bbrgba(0,0,0,0.12)\u00bb box_shadow_style_button_one=\u00bbpreset3&#8243; box_shadow_blur_button_one=\u00bb48px\u00bb button_one_letter_spacing_hover=\u00bb4px\u00bb button_two_letter_spacing_hover=\u00bb4px\u00bb button_one_text_size__hover_enabled=\u00bboff\u00bb button_two_text_size__hover_enabled=\u00bboff\u00bb button_one_text_color__hover_enabled=\u00bboff\u00bb button_two_text_color__hover_enabled=\u00bboff\u00bb button_one_border_width__hover_enabled=\u00bboff\u00bb button_two_border_width__hover_enabled=\u00bboff\u00bb button_one_border_color__hover_enabled=\u00bboff\u00bb button_two_border_color__hover_enabled=\u00bboff\u00bb button_one_border_radius__hover_enabled=\u00bboff\u00bb button_two_border_radius__hover_enabled=\u00bboff\u00bb button_one_letter_spacing__hover_enabled=\u00bbon\u00bb button_one_letter_spacing__hover=\u00bb4px\u00bb button_two_letter_spacing__hover_enabled=\u00bbon\u00bb button_two_letter_spacing__hover=\u00bb4px\u00bb button_one_bg_color__hover_enabled=\u00bboff\u00bb button_two_bg_color__hover_enabled=\u00bboff\u00bb background_color__hover=\u00bb#7EBEC5&#8243; background_color__hover_enabled=\u00bb#7EBEC5&#8243; use_background_color_gradient__hover=\u00bboff\u00bb use_background_color_gradient__hover_enabled=\u00bboff\u00bb background_color_gradient_start__hover=\u00bb#2b87da\u00bb background_color_gradient_start__hover_enabled=\u00bb#2b87da\u00bb background_color_gradient_end__hover=\u00bb#29c4a9&#8243; background_color_gradient_end__hover_enabled=\u00bb#29c4a9&#8243; background_color_gradient_type__hover=\u00bblinear\u00bb background_color_gradient_type__hover_enabled=\u00bblinear\u00bb background_color_gradient_direction__hover=\u00bb180deg\u00bb background_color_gradient_direction__hover_enabled=\u00bb180deg\u00bb background_color_gradient_direction_radial__hover=\u00bbcenter\u00bb background_color_gradient_direction_radial__hover_enabled=\u00bbcenter\u00bb background_color_gradient_start_position__hover=\u00bb0%\u00bb background_color_gradient_start_position__hover_enabled=\u00bb0%\u00bb background_color_gradient_end_position__hover=\u00bb100%\u00bb background_color_gradient_end_position__hover_enabled=\u00bb100%\u00bb background_color_gradient_overlays_image__hover=\u00bboff\u00bb background_color_gradient_overlays_image__hover_enabled=\u00bboff\u00bb parallax__hover=\u00bboff\u00bb parallax__hover_enabled=\u00bboff\u00bb parallax_method__hover=\u00bboff\u00bb parallax_method__hover_enabled=\u00bboff\u00bb background_size__hover=\u00bbcover\u00bb background_size__hover_enabled=\u00bbcover\u00bb background_position__hover=\u00bbcenter\u00bb background_position__hover_enabled=\u00bbcenter\u00bb background_repeat__hover=\u00bbno-repeat\u00bb background_repeat__hover_enabled=\u00bbno-repeat\u00bb background_blend__hover=\u00bbnormal\u00bb background_blend__hover_enabled=\u00bbnormal\u00bb allow_player_pause__hover=\u00bboff\u00bb allow_player_pause__hover_enabled=\u00bboff\u00bb background_video_pause_outside_viewport__hover=\u00bbon\u00bb background_video_pause_outside_viewport__hover_enabled=\u00bbon\u00bb][\/et_pb_fullwidth_header][\/et_pb_section][et_pb_section fb_built=\u00bb1&#8243; next_background_color=\u00bb#ffffff\u00bb _builder_version=\u00bb4.9.4&#8243; _module_preset=\u00bbdefault\u00bb background_color=\u00bb#1FE0BA\u00bb custom_margin=\u00bb-104px|||||\u00bb custom_padding=\u00bb||97px|||\u00bb bottom_divider_style=\u00bbwave2&#8243;][et_pb_row column_structure=\u00bb1_2,1_2&#8243; _builder_version=\u00bb4.9.4&#8243; _module_preset=\u00bbdefault\u00bb custom_padding=\u00bb0px|||||\u00bb][et_pb_column type=\u00bb1_2&#8243; _builder_version=\u00bb4.9.4&#8243; _module_preset=\u00bbdefault\u00bb][et_pb_text _builder_version=\u00bb4.9.4&#8243; _module_preset=\u00bbdefault\u00bb text_font=\u00bbFredoka One||||||||\u00bb text_font_size=\u00bb40px\u00bb]<\/p>\n<h4 style=\"text-align: center;\"><span style=\"color: #ffffff; font-size: xx-large;\">HASTE SOCIO\/A<\/span><\/h4>\n<p>[\/et_pb_text][et_pb_contact_form captcha=\u00bboff\u00bb email=\u00bbcoayuda2@gmail.com\u00bb title=\u00bbD\u00e9janos tus datos y te contactaremos \u00bb custom_message=\u00bbMuchas Gracias\u00bb _builder_version=\u00bb4.9.4&#8243; _module_preset=\u00bbdefault\u00bb][et_pb_contact_field field_id=\u00bbName\u00bb field_title=\u00bbNombre\u00bb _builder_version=\u00bb3.16&#8243; button_text_size__hover_enabled=\u00bboff\u00bb button_one_text_size__hover_enabled=\u00bboff\u00bb button_two_text_size__hover_enabled=\u00bboff\u00bb button_text_color__hover_enabled=\u00bboff\u00bb button_one_text_color__hover_enabled=\u00bboff\u00bb button_two_text_color__hover_enabled=\u00bboff\u00bb button_border_width__hover_enabled=\u00bboff\u00bb button_one_border_width__hover_enabled=\u00bboff\u00bb button_two_border_width__hover_enabled=\u00bboff\u00bb button_border_color__hover_enabled=\u00bboff\u00bb button_one_border_color__hover_enabled=\u00bboff\u00bb button_two_border_color__hover_enabled=\u00bboff\u00bb button_border_radius__hover_enabled=\u00bboff\u00bb button_one_border_radius__hover_enabled=\u00bboff\u00bb button_two_border_radius__hover_enabled=\u00bboff\u00bb button_letter_spacing__hover_enabled=\u00bboff\u00bb button_one_letter_spacing__hover_enabled=\u00bboff\u00bb button_two_letter_spacing__hover_enabled=\u00bboff\u00bb button_bg_color__hover_enabled=\u00bboff\u00bb button_one_bg_color__hover_enabled=\u00bboff\u00bb button_two_bg_color__hover_enabled=\u00bboff\u00bb][\/et_pb_contact_field][et_pb_contact_field field_id=\u00bbEmail\u00bb field_title=\u00bbDirecci\u00f3n de correo electr\u00f3nico\u00bb field_type=\u00bbemail\u00bb _builder_version=\u00bb3.16&#8243; button_text_size__hover_enabled=\u00bboff\u00bb button_one_text_size__hover_enabled=\u00bboff\u00bb button_two_text_size__hover_enabled=\u00bboff\u00bb button_text_color__hover_enabled=\u00bboff\u00bb button_one_text_color__hover_enabled=\u00bboff\u00bb button_two_text_color__hover_enabled=\u00bboff\u00bb button_border_width__hover_enabled=\u00bboff\u00bb button_one_border_width__hover_enabled=\u00bboff\u00bb button_two_border_width__hover_enabled=\u00bboff\u00bb button_border_color__hover_enabled=\u00bboff\u00bb button_one_border_color__hover_enabled=\u00bboff\u00bb button_two_border_color__hover_enabled=\u00bboff\u00bb button_border_radius__hover_enabled=\u00bboff\u00bb button_one_border_radius__hover_enabled=\u00bboff\u00bb button_two_border_radius__hover_enabled=\u00bboff\u00bb button_letter_spacing__hover_enabled=\u00bboff\u00bb button_one_letter_spacing__hover_enabled=\u00bboff\u00bb button_two_letter_spacing__hover_enabled=\u00bboff\u00bb button_bg_color__hover_enabled=\u00bboff\u00bb button_one_bg_color__hover_enabled=\u00bboff\u00bb button_two_bg_color__hover_enabled=\u00bboff\u00bb][\/et_pb_contact_field][et_pb_contact_field field_id=\u00bbMessage\u00bb field_title=\u00bbMensaje\u00bb field_type=\u00bbtext\u00bb fullwidth_field=\u00bbon\u00bb _builder_version=\u00bb3.16&#8243; button_text_size__hover_enabled=\u00bboff\u00bb button_one_text_size__hover_enabled=\u00bboff\u00bb button_two_text_size__hover_enabled=\u00bboff\u00bb button_text_color__hover_enabled=\u00bboff\u00bb button_one_text_color__hover_enabled=\u00bboff\u00bb button_two_text_color__hover_enabled=\u00bboff\u00bb button_border_width__hover_enabled=\u00bboff\u00bb button_one_border_width__hover_enabled=\u00bboff\u00bb button_two_border_width__hover_enabled=\u00bboff\u00bb button_border_color__hover_enabled=\u00bboff\u00bb button_one_border_color__hover_enabled=\u00bboff\u00bb button_two_border_color__hover_enabled=\u00bboff\u00bb button_border_radius__hover_enabled=\u00bboff\u00bb button_one_border_radius__hover_enabled=\u00bboff\u00bb button_two_border_radius__hover_enabled=\u00bboff\u00bb button_letter_spacing__hover_enabled=\u00bboff\u00bb button_one_letter_spacing__hover_enabled=\u00bboff\u00bb button_two_letter_spacing__hover_enabled=\u00bboff\u00bb button_bg_color__hover_enabled=\u00bboff\u00bb button_one_bg_color__hover_enabled=\u00bboff\u00bb button_two_bg_color__hover_enabled=\u00bboff\u00bb][\/et_pb_contact_field][\/et_pb_contact_form][\/et_pb_column][et_pb_column type=\u00bb1_2&#8243; _builder_version=\u00bb4.9.4&#8243; _module_preset=\u00bbdefault\u00bb][et_pb_image src=\u00bbhttps:\/\/coayuda.cl\/web2\/wp-content\/uploads\/2022\/04\/59320212_439755430109174_5861436499865632768_n.jpg\u00bb _builder_version=\u00bb4.9.4&#8243; _module_preset=\u00bbdefault\u00bb custom_margin=\u00bb|||62px||\u00bb][\/et_pb_image][\/et_pb_column][\/et_pb_row][et_pb_row _builder_version=\u00bb4.9.4&#8243; _module_preset=\u00bbdefault\u00bb][et_pb_column type=\u00bb4_4&#8243; _builder_version=\u00bb4.9.4&#8243; _module_preset=\u00bbdefault\u00bb][et_pb_cta title=\u00bbTu aporte es importante para nosotros\u00bb button_text=\u00bbClics\u00bb _builder_version=\u00bb4.9.4&#8243; _module_preset=\u00bbdefault\u00bb header_font=\u00bbFredoka One||||||||\u00bb header_font_size=\u00bb80px\u00bb background_color=\u00bb#1FE0BA\u00bb]<\/p>\n<div><span class=\"fs15\" style=\"font-size: large;\"><b><\/b><\/span><\/div>\n<div><span class=\"fs15\" style=\"font-size: large;\"><b><\/b><\/span><\/div>\n<div><span class=\"fs15\" style=\"font-size: large;\"><b><\/b><\/span><\/div>\n<div><span class=\"fs15\" style=\"font-size: large;\"><b><\/b><\/span><\/div>\n<div><span class=\"fs15\" style=\"font-size: x-large;\"><b>Realiza transferencias electr\u00f3nicas en nuestra cuenta corriente:<\/b><\/span><\/div>\n<div><span style=\"font-size: x-large;\"><b>Banco Santander<\/b><\/span><\/div>\n<div><span style=\"font-size: x-large;\"><b>RUT 71.566.600-6<\/b><\/span><\/div>\n<div><span style=\"font-size: x-large;\"><b>Cuenta Corriente 74-0070668-3<\/b><\/span><\/div>\n<div><span style=\"font-size: x-large;\"><b>Coayuda<\/b><\/span><\/div>\n<div><span style=\"font-size: x-large;\"><b>E-mail: <span style=\"color: #ffffff;\"><a href=\"mailto:coayuda2@gmail.com\" style=\"color: #ffffff;\">coayuda2@gmail.com<\/a><\/span><\/b><\/span><\/div>\n<div><span style=\"font-size: x-large;\"><b><\/b><\/span><\/div>\n<p>[\/et_pb_cta][\/et_pb_column][\/et_pb_row][et_pb_row column_structure=\u00bb1_2,1_2&#8243; _builder_version=\u00bb4.9.4&#8243; _module_preset=\u00bbdefault\u00bb background_color=\u00bb#1FE0BA\u00bb custom_padding=\u00bb72px|||||\u00bb][et_pb_column type=\u00bb1_2&#8243; _builder_version=\u00bb4.9.4&#8243; _module_preset=\u00bbdefault\u00bb][et_pb_text _builder_version=\u00bb4.9.4&#8243; _module_preset=\u00bbdefault\u00bb text_font=\u00bbFredoka One||||||||\u00bb text_font_size=\u00bb40px\u00bb custom_padding=\u00bb73px|||||\u00bb inline_fonts=\u00bbFredoka One\u00bb]<\/p>\n<h4 style=\"text-align: center;\"><span style=\"color: #ffffff; font-size: xx-large; font-family: 'Fredoka One'; font-weight: normal;\">CORONAS DE CARIDAD<\/span><\/h4>\n<p>[\/et_pb_text][et_pb_cta button_text=\u00bbClics\u00bb _builder_version=\u00bb4.9.4&#8243; _module_preset=\u00bbdefault\u00bb background_color=\u00bb#C88BDA\u00bb custom_padding=\u00bb0px|||||\u00bb]<\/p>\n<p><span style=\"font-size: large;\"><\/span><\/p>\n<p><span style=\"font-size: large;\"><\/span><\/p>\n<p><span style=\"font-size: large;\"><\/span><\/p>\n<p><span style=\"font-size: large;\">Para acompa\u00f1ar a quienes quieren, en los momentos dif\u00edciles, puede elegir entre seis dise\u00f1os distintos para entregar un bello mensaje y al mismo tiempo ayudar a nuestros ni\u00f1os y ni\u00f1as<\/span><span style=\"font-size: large;\"><\/span><\/p>\n<p><span style=\"font-size: large;\"><\/span><\/p>\n<p><span style=\"font-size: large;\"><\/span><\/p>\n<p>[\/et_pb_cta][et_pb_text _builder_version=\u00bb4.9.4&#8243; _module_preset=\u00bbdefault\u00bb text_font=\u00bbFredoka One||||||||\u00bb text_font_size=\u00bb40px\u00bb custom_padding=\u00bb219px|||||\u00bb inline_fonts=\u00bbFredoka One\u00bb]<\/p>\n<h4 style=\"text-align: center;\"><span style=\"color: #ffffff; font-size: xx-large; font-family: 'Fredoka One'; font-weight: normal;\">DONACI\u00d3N DE \u00daTILES<\/span><\/h4>\n<h4 style=\"text-align: center;\"><span style=\"color: #ffffff; font-size: xx-large; font-family: 'Fredoka One'; font-weight: normal;\"><\/span><\/h4>\n<h4 style=\"text-align: center;\"><span style=\"color: #ffffff; font-size: xx-large; font-family: 'Fredoka One'; font-weight: normal;\"> ESCOLARES Y DE ASEO<\/span><\/h4>\n<p>[\/et_pb_text][et_pb_cta button_text=\u00bbClics\u00bb _builder_version=\u00bb4.9.4&#8243; _module_preset=\u00bbdefault\u00bb background_color=\u00bb#C88BDA\u00bb custom_padding=\u00bb0px|||||\u00bb]<\/p>\n<p><span style=\"font-size: large;\"><\/span><\/p>\n<p><span style=\"font-size: large;\"><\/span><\/p>\n<p><span style=\"font-size: large;\"><\/span><\/p>\n<p><span style=\"font-size: large;\">Si quieres colaborar donando utiles escolares y de aseo, cont\u00e1ctanos a trav\u00e9s de nuestro correo coayuda2@gmail.com<\/span><span style=\"font-size: large;\"><\/span><\/p>\n<p><span style=\"font-size: large;\"><\/span><\/p>\n<p><span style=\"font-size: large;\"><\/span><\/p>\n<p>[\/et_pb_cta][\/et_pb_column][et_pb_column type=\u00bb1_2&#8243; _builder_version=\u00bb4.9.4&#8243; _module_preset=\u00bbdefault\u00bb][et_pb_gallery gallery_ids=\u00bb321,322,323,324,325,320&#8243; fullwidth=\u00bbon\u00bb _builder_version=\u00bb4.9.4&#8243; _module_preset=\u00bbdefault\u00bb min_height=\u00bb550.5px\u00bb custom_padding=\u00bb39px||1px|3px||\u00bb][\/et_pb_gallery][et_pb_image src=\u00bbhttps:\/\/coayuda.cl\/web2\/wp-content\/uploads\/2022\/05\/Captura.png\u00bb _builder_version=\u00bb4.9.4&#8243; _module_preset=\u00bbdefault\u00bb hover_enabled=\u00bb0&#8243; sticky_enabled=\u00bb0&#8243; custom_margin=\u00bb||26px|||\u00bb][\/et_pb_image][\/et_pb_column][\/et_pb_row][\/et_pb_section][et_pb_section fb_built=\u00bb1&#8243; admin_label=\u00bbEnrollment\u00bb _builder_version=\u00bb3.22&#8243; custom_margin=\u00bb||-118px|||\u00bb custom_width_px__hover=\u00bb1080px\u00bb custom_width_px__hover_enabled=\u00bb1080px\u00bb custom_width_percent__hover=\u00bb80%\u00bb custom_width_percent__hover_enabled=\u00bb80%\u00bb gutter_width__hover=\u00bb3&#8243; gutter_width__hover_enabled=\u00bb3&#8243; parallax_1__hover=\u00bboff\u00bb parallax_1__hover_enabled=\u00bboff\u00bb parallax_2__hover=\u00bboff\u00bb parallax_2__hover_enabled=\u00bboff\u00bb parallax_3__hover=\u00bboff\u00bb parallax_3__hover_enabled=\u00bboff\u00bb parallax_method_1__hover=\u00bbon\u00bb parallax_method_1__hover_enabled=\u00bbon\u00bb parallax_method_2__hover=\u00bbon\u00bb parallax_method_2__hover_enabled=\u00bbon\u00bb parallax_method_3__hover=\u00bbon\u00bb parallax_method_3__hover_enabled=\u00bbon\u00bb use_background_color_gradient__hover=\u00bboff\u00bb use_background_color_gradient__hover_enabled=\u00bboff\u00bb background_color_gradient_start__hover=\u00bb#2b87da\u00bb background_color_gradient_start__hover_enabled=\u00bb#2b87da\u00bb background_color_gradient_end__hover=\u00bb#29c4a9&#8243; background_color_gradient_end__hover_enabled=\u00bb#29c4a9&#8243; background_color_gradient_type__hover=\u00bblinear\u00bb background_color_gradient_type__hover_enabled=\u00bblinear\u00bb background_color_gradient_direction_radial__hover=\u00bbcenter\u00bb background_color_gradient_direction_radial__hover_enabled=\u00bbcenter\u00bb background_color_gradient_start_position__hover=\u00bb0%\u00bb background_color_gradient_start_position__hover_enabled=\u00bb0%\u00bb background_color_gradient_end_position__hover=\u00bb100%\u00bb background_color_gradient_end_position__hover_enabled=\u00bb100%\u00bb background_size__hover=\u00bbcover\u00bb background_size__hover_enabled=\u00bbcover\u00bb background_position__hover=\u00bbcenter\u00bb background_position__hover_enabled=\u00bbcenter\u00bb background_color_gradient_direction__hover=\u00bb180deg\u00bb background_color_gradient_direction__hover_enabled=\u00bb180deg\u00bb background_color_gradient_overlays_image__hover=\u00bboff\u00bb background_color_gradient_overlays_image__hover_enabled=\u00bboff\u00bb parallax__hover=\u00bboff\u00bb parallax__hover_enabled=\u00bboff\u00bb parallax_method__hover=\u00bbon\u00bb parallax_method__hover_enabled=\u00bbon\u00bb background_repeat__hover=\u00bbno-repeat\u00bb background_repeat__hover_enabled=\u00bbno-repeat\u00bb background_blend__hover=\u00bbnormal\u00bb background_blend__hover_enabled=\u00bbnormal\u00bb allow_player_pause__hover=\u00bboff\u00bb allow_player_pause__hover_enabled=\u00bboff\u00bb background_video_pause_outside_viewport__hover=\u00bbon\u00bb background_video_pause_outside_viewport__hover_enabled=\u00bbon\u00bb inner_shadow__hover=\u00bboff\u00bb inner_shadow__hover_enabled=\u00bboff\u00bb make_fullwidth__hover=\u00bboff\u00bb make_fullwidth__hover_enabled=\u00bboff\u00bb use_custom_width__hover=\u00bboff\u00bb use_custom_width__hover_enabled=\u00bboff\u00bb width_unit__hover=\u00bbon\u00bb width_unit__hover_enabled=\u00bbon\u00bb make_equal__hover=\u00bboff\u00bb make_equal__hover_enabled=\u00bboff\u00bb use_custom_gutter__hover=\u00bboff\u00bb use_custom_gutter__hover_enabled=\u00bboff\u00bb border_radii__hover=\u00bbon||||\u00bb border_radii__hover_enabled=\u00bbon||||\u00bb box_shadow_style__hover=\u00bbnone\u00bb box_shadow_style__hover_enabled=\u00bbnone\u00bb box_shadow_color__hover=\u00bbrgba(0,0,0,0.3)\u00bb box_shadow_color__hover_enabled=\u00bbrgba(0,0,0,0.3)\u00bb max_width__hover=\u00bb100%\u00bb max_width__hover_enabled=\u00bb100%\u00bb filter_hue_rotate__hover=\u00bb0deg\u00bb filter_hue_rotate__hover_enabled=\u00bb0deg\u00bb filter_saturate__hover=\u00bb100%\u00bb filter_saturate__hover_enabled=\u00bb100%\u00bb filter_brightness__hover=\u00bb100%\u00bb filter_brightness__hover_enabled=\u00bb100%\u00bb filter_contrast__hover=\u00bb100%\u00bb filter_contrast__hover_enabled=\u00bb100%\u00bb filter_invert__hover=\u00bb0%\u00bb filter_invert__hover_enabled=\u00bb0%\u00bb filter_sepia__hover=\u00bb0%\u00bb filter_sepia__hover_enabled=\u00bb0%\u00bb filter_opacity__hover=\u00bb100%\u00bb filter_opacity__hover_enabled=\u00bb100%\u00bb filter_blur__hover=\u00bb0px\u00bb filter_blur__hover_enabled=\u00bb0px\u00bb mix_blend_mode__hover=\u00bbnormal\u00bb mix_blend_mode__hover_enabled=\u00bbnormal\u00bb animation_style__hover=\u00bbnone\u00bb animation_style__hover_enabled=\u00bbnone\u00bb animation_repeat__hover=\u00bbonce\u00bb animation_repeat__hover_enabled=\u00bbonce\u00bb animation_direction__hover=\u00bbcenter\u00bb animation_direction__hover_enabled=\u00bbcenter\u00bb animation_duration__hover=\u00bb1000ms\u00bb animation_duration__hover_enabled=\u00bb1000ms\u00bb animation_delay__hover=\u00bb0ms\u00bb animation_delay__hover_enabled=\u00bb0ms\u00bb animation_intensity_slide__hover=\u00bb50%\u00bb animation_intensity_slide__hover_enabled=\u00bb50%\u00bb animation_intensity_zoom__hover=\u00bb50%\u00bb animation_intensity_zoom__hover_enabled=\u00bb50%\u00bb animation_intensity_flip__hover=\u00bb50%\u00bb animation_intensity_flip__hover_enabled=\u00bb50%\u00bb animation_intensity_fold__hover=\u00bb50%\u00bb animation_intensity_fold__hover_enabled=\u00bb50%\u00bb animation_intensity_roll__hover=\u00bb50%\u00bb animation_intensity_roll__hover_enabled=\u00bb50%\u00bb animation_starting_opacity__hover=\u00bb0%\u00bb animation_starting_opacity__hover_enabled=\u00bb0%\u00bb animation_speed_curve__hover=\u00bbease-in-out\u00bb animation_speed_curve__hover_enabled=\u00bbease-in-out\u00bb hover_transition_duration__hover=\u00bb300ms\u00bb hover_transition_duration__hover_enabled=\u00bb300ms\u00bb hover_transition_delay__hover=\u00bb0ms\u00bb hover_transition_delay__hover_enabled=\u00bb0ms\u00bb hover_transition_speed_curve__hover=\u00bbease\u00bb hover_transition_speed_curve__hover_enabled=\u00bbease\u00bb][et_pb_row _builder_version=\u00bb3.25&#8243; min_height=\u00bb197px\u00bb custom_width_px=\u00bb750px\u00bb][et_pb_column type=\u00bb4_4&#8243; _builder_version=\u00bb3.25&#8243; custom_padding=\u00bb|||\u00bb custom_padding__hover=\u00bb|||\u00bb][et_pb_image src=\u00bbhttps:\/\/coayuda.cl\/web2\/wp-content\/uploads\/2022\/04\/49128299_374565859961465_2437694622550458368_n.jpg\u00bb title_text=\u00bbday_care_img_13&#8243; _builder_version=\u00bb4.9.4&#8243; _module_preset=\u00bbdefault\u00bb custom_margin=\u00bb||63px|||\u00bb][\/et_pb_image][et_pb_image src=\u00bbhttps:\/\/coayuda.cl\/web2\/wp-content\/uploads\/2021\/05\/coayuda-2.png\u00bb title_text=\u00bbcoayuda-2&#8243; _builder_version=\u00bb4.9.4&#8243; _module_preset=\u00bbdefault\u00bb custom_margin=\u00bb||63px|||\u00bb][\/et_pb_image][\/et_pb_column][\/et_pb_row][\/et_pb_section][et_pb_section fb_built=\u00bb1&#8243; fullwidth=\u00bbon\u00bb admin_label=\u00bbFooter\u00bb _builder_version=\u00bb3.22&#8243;][et_pb_fullwidth_image src=\u00bbhttps:\/\/coayuda.cl\/web2\/wp-content\/uploads\/2021\/05\/day_care_img_13.jpg\u00bb _builder_version=\u00bb3.17.2&#8243; custom_padding=\u00bb0px|||||\u00bb animation_style=\u00bbslide\u00bb animation_direction=\u00bbbottom\u00bb animation_intensity_slide=\u00bb2%\u00bb][\/et_pb_fullwidth_image][\/et_pb_section]<\/p>\n","protected":false},"excerpt":{"rendered":"<p>[et_pb_section fb_built=\u00bb1&#8243; fullwidth=\u00bbon\u00bb admin_label=\u00bbHeader\u00bb _builder_version=\u00bb4.9.4&#8243; background_color=\u00bb#1FE0BA\u00bb background_image=\u00bbhttps:\/\/coayuda.cl\/web2\/wp-content\/uploads\/2021\/05\/day_care_bg_02.png\u00bb parallax=\u00bbon\u00bb custom_margin=\u00bb||\u00bb custom_padding=\u00bb||\u00bb bottom_divider_height=\u00bb2vw\u00bb bottom_divider_height_last_edited=\u00bboff|desktop\u00bb][et_pb_fullwidth_header title=\u00bbC\u00f3mo Colaborar\u00bb text_orientation=\u00bbcenter\u00bb content_max_width=\u00bb650px\u00bb _builder_version=\u00bb4.9.4&#8243; title_font=\u00bbFredoka One||||||||\u00bb title_font_size=\u00bb80px\u00bb title_line_height=\u00bb1.4em\u00bb content_font=\u00bbMuli||||||||\u00bb content_font_size=\u00bb18px\u00bb content_line_height=\u00bb1.8em\u00bb subhead_font=\u00bb||||||||\u00bb background_color=\u00bbrgba(126,190,197,0)\u00bb custom_button_one=\u00bbon\u00bb button_one_text_size=\u00bb16px\u00bb button_one_text_color=\u00bb#ff236c\u00bb button_one_bg_color=\u00bb#ffffff\u00bb button_one_border_width=\u00bb12px\u00bb button_one_border_color=\u00bbrgba(0,0,0,0)\u00bb button_one_border_radius=\u00bb50px\u00bb button_one_letter_spacing=\u00bb4px\u00bb button_one_font=\u00bbFredoka One|||on|||||\u00bb button_one_use_icon=\u00bboff\u00bb custom_button_two=\u00bbon\u00bb button_two_text_size=\u00bb16px\u00bb button_two_text_color=\u00bb#ff236c\u00bb button_two_bg_color=\u00bb#ffffff\u00bb button_two_border_width=\u00bb12px\u00bb button_two_border_color=\u00bb#ffffff\u00bb button_two_border_radius=\u00bb50px\u00bb button_two_letter_spacing=\u00bb4px\u00bb button_two_font=\u00bbFredoka One|900||on|||||\u00bb button_two_use_icon=\u00bboff\u00bb custom_margin=\u00bb||||false\u00bb custom_padding=\u00bb15vw||15vw||true|\u00bb custom_padding_last_edited=\u00bboff|desktop\u00bb animation_style=\u00bbzoom\u00bb animation_intensity_zoom=\u00bb5%\u00bb title_font_size_tablet=\u00bb60px\u00bb title_font_size_phone=\u00bb40px\u00bb [&hellip;]<\/p>\n","protected":false},"author":1,"featured_media":0,"parent":0,"menu_order":0,"comment_status":"closed","ping_status":"closed","template":"","meta":{"_et_pb_use_builder":"on","_et_pb_old_content":"","_et_gb_content_width":"","footnotes":""},"class_list":["post-315","page","type-page","status-publish","hentry"],"_links":{"self":[{"href":"https:\/\/coayuda.cl\/web2\/wp-json\/wp\/v2\/pages\/315","targetHints":{"allow":["GET"]}}],"collection":[{"href":"https:\/\/coayuda.cl\/web2\/wp-json\/wp\/v2\/pages"}],"about":[{"href":"https:\/\/coayuda.cl\/web2\/wp-json\/wp\/v2\/types\/page"}],"author":[{"embeddable":true,"href":"https:\/\/coayuda.cl\/web2\/wp-json\/wp\/v2\/users\/1"}],"replies":[{"embeddable":true,"href":"https:\/\/coayuda.cl\/web2\/wp-json\/wp\/v2\/comments?post=315"}],"version-history":[{"count":22,"href":"https:\/\/coayuda.cl\/web2\/wp-json\/wp\/v2\/pages\/315\/revisions"}],"predecessor-version":[{"id":397,"href":"https:\/\/coayuda.cl\/web2\/wp-json\/wp\/v2\/pages\/315\/revisions\/397"}],"wp:attachment":[{"href":"https:\/\/coayuda.cl\/web2\/wp-json\/wp\/v2\/media?parent=315"}],"curies":[{"name":"wp","href":"https:\/\/api.w.org\/{rel}","templated":true}]}}