{"id":93,"date":"2021-05-25T03:31:14","date_gmt":"2021-05-25T03:31:14","guid":{"rendered":"https:\/\/coayuda.cl\/web2\/?page_id=93"},"modified":"2022-05-12T13:03:52","modified_gmt":"2022-05-12T13:03:52","slug":"nuestra-escuela","status":"publish","type":"page","link":"https:\/\/coayuda.cl\/web2\/nuestra-escuela\/","title":{"rendered":"Nuestra Escuela"},"content":{"rendered":"<p>[et_pb_section fb_built=\u00bb1&#8243; fullwidth=\u00bbon\u00bb admin_label=\u00bbHeader\u00bb _builder_version=\u00bb4.9.4&#8243; background_color=\u00bb#fa6d5e\u00bb background_image=\u00bbhttps:\/\/coayuda.cl\/web2\/wp-content\/uploads\/2021\/05\/day_care_bg_02.png\u00bb parallax=\u00bbon\u00bb custom_margin=\u00bb||\u00bb custom_padding=\u00bb||\u00bb bottom_divider_height=\u00bb2vw\u00bb bottom_divider_height_last_edited=\u00bboff|desktop\u00bb][et_pb_fullwidth_header title=\u00bbNuestra Escuela\u00bb text_orientation=\u00bbcenter\u00bb content_max_width=\u00bb650px\u00bb _builder_version=\u00bb4.9.4&#8243; title_font=\u00bbFredoka One||||||||\u00bb title_font_size=\u00bb80px\u00bb title_line_height=\u00bb1.4em\u00bb content_font=\u00bbMuli||||||||\u00bb content_font_size=\u00bb18px\u00bb content_line_height=\u00bb1.8em\u00bb subhead_font=\u00bb||||||||\u00bb background_color=\u00bbrgba(126,190,197,0)\u00bb custom_button_one=\u00bbon\u00bb button_one_text_size=\u00bb16px\u00bb button_one_text_color=\u00bb#ff236c\u00bb button_one_bg_color=\u00bb#ffffff\u00bb button_one_border_width=\u00bb12px\u00bb button_one_border_color=\u00bbrgba(0,0,0,0)\u00bb button_one_border_radius=\u00bb50px\u00bb button_one_letter_spacing=\u00bb4px\u00bb button_one_font=\u00bbFredoka One|||on|||||\u00bb button_one_use_icon=\u00bboff\u00bb custom_button_two=\u00bbon\u00bb button_two_text_size=\u00bb16px\u00bb button_two_text_color=\u00bb#ff236c\u00bb button_two_bg_color=\u00bb#ffffff\u00bb button_two_border_width=\u00bb12px\u00bb button_two_border_color=\u00bb#ffffff\u00bb button_two_border_radius=\u00bb50px\u00bb button_two_letter_spacing=\u00bb4px\u00bb button_two_font=\u00bbFredoka One|900||on|||||\u00bb button_two_use_icon=\u00bboff\u00bb custom_margin=\u00bb||||false\u00bb custom_padding=\u00bb8vw||8vw||true\u00bb custom_padding_last_edited=\u00bboff|desktop\u00bb animation_style=\u00bbzoom\u00bb animation_intensity_zoom=\u00bb5%\u00bb title_font_size_tablet=\u00bb60px\u00bb title_font_size_phone=\u00bb40px\u00bb title_font_size_last_edited=\u00bbon|phone\u00bb content_font_size_tablet=\u00bb\u00bb content_font_size_phone=\u00bb16px\u00bb content_font_size_last_edited=\u00bbon|phone\u00bb custom_css_header_container=\u00bbwidth: 100%;\u00bb title_text_shadow_style=\u00bbpreset1&#8243; title_text_shadow_blur_strength=\u00bb0.14em\u00bb title_text_shadow_color=\u00bbrgba(0,0,0,0.12)\u00bb box_shadow_style_button_one=\u00bbpreset3&#8243; box_shadow_blur_button_one=\u00bb48px\u00bb button_one_letter_spacing_hover=\u00bb4px\u00bb button_two_letter_spacing_hover=\u00bb4px\u00bb button_one_text_size__hover_enabled=\u00bboff\u00bb button_two_text_size__hover_enabled=\u00bboff\u00bb button_one_text_color__hover_enabled=\u00bboff\u00bb button_two_text_color__hover_enabled=\u00bboff\u00bb button_one_border_width__hover_enabled=\u00bboff\u00bb button_two_border_width__hover_enabled=\u00bboff\u00bb button_one_border_color__hover_enabled=\u00bboff\u00bb button_two_border_color__hover_enabled=\u00bboff\u00bb button_one_border_radius__hover_enabled=\u00bboff\u00bb button_two_border_radius__hover_enabled=\u00bboff\u00bb button_one_letter_spacing__hover_enabled=\u00bbon\u00bb button_one_letter_spacing__hover=\u00bb4px\u00bb button_two_letter_spacing__hover_enabled=\u00bbon\u00bb button_two_letter_spacing__hover=\u00bb4px\u00bb button_one_bg_color__hover_enabled=\u00bboff\u00bb button_two_bg_color__hover_enabled=\u00bboff\u00bb background_color__hover=\u00bb#7EBEC5&#8243; background_color__hover_enabled=\u00bb#7EBEC5&#8243; use_background_color_gradient__hover=\u00bboff\u00bb use_background_color_gradient__hover_enabled=\u00bboff\u00bb background_color_gradient_start__hover=\u00bb#2b87da\u00bb background_color_gradient_start__hover_enabled=\u00bb#2b87da\u00bb background_color_gradient_end__hover=\u00bb#29c4a9&#8243; background_color_gradient_end__hover_enabled=\u00bb#29c4a9&#8243; background_color_gradient_type__hover=\u00bblinear\u00bb background_color_gradient_type__hover_enabled=\u00bblinear\u00bb background_color_gradient_direction__hover=\u00bb180deg\u00bb background_color_gradient_direction__hover_enabled=\u00bb180deg\u00bb background_color_gradient_direction_radial__hover=\u00bbcenter\u00bb background_color_gradient_direction_radial__hover_enabled=\u00bbcenter\u00bb background_color_gradient_start_position__hover=\u00bb0%\u00bb background_color_gradient_start_position__hover_enabled=\u00bb0%\u00bb background_color_gradient_end_position__hover=\u00bb100%\u00bb background_color_gradient_end_position__hover_enabled=\u00bb100%\u00bb background_color_gradient_overlays_image__hover=\u00bboff\u00bb background_color_gradient_overlays_image__hover_enabled=\u00bboff\u00bb parallax__hover=\u00bboff\u00bb parallax__hover_enabled=\u00bboff\u00bb parallax_method__hover=\u00bboff\u00bb parallax_method__hover_enabled=\u00bboff\u00bb background_size__hover=\u00bbcover\u00bb background_size__hover_enabled=\u00bbcover\u00bb background_position__hover=\u00bbcenter\u00bb background_position__hover_enabled=\u00bbcenter\u00bb background_repeat__hover=\u00bbno-repeat\u00bb background_repeat__hover_enabled=\u00bbno-repeat\u00bb background_blend__hover=\u00bbnormal\u00bb background_blend__hover_enabled=\u00bbnormal\u00bb allow_player_pause__hover=\u00bboff\u00bb allow_player_pause__hover_enabled=\u00bboff\u00bb background_video_pause_outside_viewport__hover=\u00bbon\u00bb background_video_pause_outside_viewport__hover_enabled=\u00bbon\u00bb][\/et_pb_fullwidth_header][\/et_pb_section][et_pb_section fb_built=\u00bb1&#8243; next_background_color=\u00bb#ffffff\u00bb _builder_version=\u00bb4.9.4&#8243; _module_preset=\u00bbdefault\u00bb background_color=\u00bb#fa6d5e\u00bb custom_margin=\u00bb-104px|||||\u00bb custom_padding=\u00bb||97px|||\u00bb bottom_divider_style=\u00bbwave2&#8243;][et_pb_row _builder_version=\u00bb4.9.4&#8243; _module_preset=\u00bbdefault\u00bb custom_padding=\u00bb0px|||||\u00bb][et_pb_column type=\u00bb4_4&#8243; _builder_version=\u00bb4.9.4&#8243; _module_preset=\u00bbdefault\u00bb][et_pb_image src=\u00bbhttps:\/\/coayuda.cl\/web2\/wp-content\/uploads\/2022\/05\/IMG-20220427-WA0034.jpg\u00bb _builder_version=\u00bb4.9.4&#8243; _module_preset=\u00bbdefault\u00bb][\/et_pb_image][\/et_pb_column][\/et_pb_row][\/et_pb_section][et_pb_section fb_built=\u00bb1&#8243; admin_label=\u00bbEnrollment\u00bb _builder_version=\u00bb3.22&#8243; custom_width_px__hover=\u00bb1080px\u00bb custom_width_px__hover_enabled=\u00bb1080px\u00bb custom_width_percent__hover=\u00bb80%\u00bb custom_width_percent__hover_enabled=\u00bb80%\u00bb gutter_width__hover=\u00bb3&#8243; gutter_width__hover_enabled=\u00bb3&#8243; parallax_1__hover=\u00bboff\u00bb parallax_1__hover_enabled=\u00bboff\u00bb parallax_2__hover=\u00bboff\u00bb parallax_2__hover_enabled=\u00bboff\u00bb parallax_3__hover=\u00bboff\u00bb parallax_3__hover_enabled=\u00bboff\u00bb parallax_method_1__hover=\u00bbon\u00bb parallax_method_1__hover_enabled=\u00bbon\u00bb parallax_method_2__hover=\u00bbon\u00bb parallax_method_2__hover_enabled=\u00bbon\u00bb parallax_method_3__hover=\u00bbon\u00bb parallax_method_3__hover_enabled=\u00bbon\u00bb use_background_color_gradient__hover=\u00bboff\u00bb use_background_color_gradient__hover_enabled=\u00bboff\u00bb background_color_gradient_start__hover=\u00bb#2b87da\u00bb background_color_gradient_start__hover_enabled=\u00bb#2b87da\u00bb background_color_gradient_end__hover=\u00bb#29c4a9&#8243; background_color_gradient_end__hover_enabled=\u00bb#29c4a9&#8243; background_color_gradient_type__hover=\u00bblinear\u00bb background_color_gradient_type__hover_enabled=\u00bblinear\u00bb background_color_gradient_direction_radial__hover=\u00bbcenter\u00bb background_color_gradient_direction_radial__hover_enabled=\u00bbcenter\u00bb background_color_gradient_start_position__hover=\u00bb0%\u00bb background_color_gradient_start_position__hover_enabled=\u00bb0%\u00bb background_color_gradient_end_position__hover=\u00bb100%\u00bb background_color_gradient_end_position__hover_enabled=\u00bb100%\u00bb background_size__hover=\u00bbcover\u00bb background_size__hover_enabled=\u00bbcover\u00bb background_position__hover=\u00bbcenter\u00bb background_position__hover_enabled=\u00bbcenter\u00bb background_color_gradient_direction__hover=\u00bb180deg\u00bb background_color_gradient_direction__hover_enabled=\u00bb180deg\u00bb background_color_gradient_overlays_image__hover=\u00bboff\u00bb background_color_gradient_overlays_image__hover_enabled=\u00bboff\u00bb parallax__hover=\u00bboff\u00bb parallax__hover_enabled=\u00bboff\u00bb parallax_method__hover=\u00bbon\u00bb parallax_method__hover_enabled=\u00bbon\u00bb background_repeat__hover=\u00bbno-repeat\u00bb background_repeat__hover_enabled=\u00bbno-repeat\u00bb background_blend__hover=\u00bbnormal\u00bb background_blend__hover_enabled=\u00bbnormal\u00bb allow_player_pause__hover=\u00bboff\u00bb allow_player_pause__hover_enabled=\u00bboff\u00bb background_video_pause_outside_viewport__hover=\u00bbon\u00bb background_video_pause_outside_viewport__hover_enabled=\u00bbon\u00bb inner_shadow__hover=\u00bboff\u00bb inner_shadow__hover_enabled=\u00bboff\u00bb make_fullwidth__hover=\u00bboff\u00bb make_fullwidth__hover_enabled=\u00bboff\u00bb use_custom_width__hover=\u00bboff\u00bb use_custom_width__hover_enabled=\u00bboff\u00bb width_unit__hover=\u00bbon\u00bb width_unit__hover_enabled=\u00bbon\u00bb make_equal__hover=\u00bboff\u00bb make_equal__hover_enabled=\u00bboff\u00bb use_custom_gutter__hover=\u00bboff\u00bb use_custom_gutter__hover_enabled=\u00bboff\u00bb border_radii__hover=\u00bbon||||\u00bb border_radii__hover_enabled=\u00bbon||||\u00bb box_shadow_style__hover=\u00bbnone\u00bb box_shadow_style__hover_enabled=\u00bbnone\u00bb box_shadow_color__hover=\u00bbrgba(0,0,0,0.3)\u00bb box_shadow_color__hover_enabled=\u00bbrgba(0,0,0,0.3)\u00bb max_width__hover=\u00bb100%\u00bb max_width__hover_enabled=\u00bb100%\u00bb filter_hue_rotate__hover=\u00bb0deg\u00bb filter_hue_rotate__hover_enabled=\u00bb0deg\u00bb filter_saturate__hover=\u00bb100%\u00bb filter_saturate__hover_enabled=\u00bb100%\u00bb filter_brightness__hover=\u00bb100%\u00bb filter_brightness__hover_enabled=\u00bb100%\u00bb filter_contrast__hover=\u00bb100%\u00bb filter_contrast__hover_enabled=\u00bb100%\u00bb filter_invert__hover=\u00bb0%\u00bb filter_invert__hover_enabled=\u00bb0%\u00bb filter_sepia__hover=\u00bb0%\u00bb filter_sepia__hover_enabled=\u00bb0%\u00bb filter_opacity__hover=\u00bb100%\u00bb filter_opacity__hover_enabled=\u00bb100%\u00bb filter_blur__hover=\u00bb0px\u00bb filter_blur__hover_enabled=\u00bb0px\u00bb mix_blend_mode__hover=\u00bbnormal\u00bb mix_blend_mode__hover_enabled=\u00bbnormal\u00bb animation_style__hover=\u00bbnone\u00bb animation_style__hover_enabled=\u00bbnone\u00bb animation_repeat__hover=\u00bbonce\u00bb animation_repeat__hover_enabled=\u00bbonce\u00bb animation_direction__hover=\u00bbcenter\u00bb animation_direction__hover_enabled=\u00bbcenter\u00bb animation_duration__hover=\u00bb1000ms\u00bb animation_duration__hover_enabled=\u00bb1000ms\u00bb animation_delay__hover=\u00bb0ms\u00bb animation_delay__hover_enabled=\u00bb0ms\u00bb animation_intensity_slide__hover=\u00bb50%\u00bb animation_intensity_slide__hover_enabled=\u00bb50%\u00bb animation_intensity_zoom__hover=\u00bb50%\u00bb animation_intensity_zoom__hover_enabled=\u00bb50%\u00bb animation_intensity_flip__hover=\u00bb50%\u00bb animation_intensity_flip__hover_enabled=\u00bb50%\u00bb animation_intensity_fold__hover=\u00bb50%\u00bb animation_intensity_fold__hover_enabled=\u00bb50%\u00bb animation_intensity_roll__hover=\u00bb50%\u00bb animation_intensity_roll__hover_enabled=\u00bb50%\u00bb animation_starting_opacity__hover=\u00bb0%\u00bb animation_starting_opacity__hover_enabled=\u00bb0%\u00bb animation_speed_curve__hover=\u00bbease-in-out\u00bb animation_speed_curve__hover_enabled=\u00bbease-in-out\u00bb hover_transition_duration__hover=\u00bb300ms\u00bb hover_transition_duration__hover_enabled=\u00bb300ms\u00bb hover_transition_delay__hover=\u00bb0ms\u00bb hover_transition_delay__hover_enabled=\u00bb0ms\u00bb hover_transition_speed_curve__hover=\u00bbease\u00bb hover_transition_speed_curve__hover_enabled=\u00bbease\u00bb][et_pb_row column_structure=\u00bb3_5,2_5&#8243; _builder_version=\u00bb3.25&#8243; min_height=\u00bb197px\u00bb custom_width_px=\u00bb750px\u00bb][et_pb_column type=\u00bb3_5&#8243; _builder_version=\u00bb3.25&#8243; custom_padding=\u00bb|||\u00bb custom_padding__hover=\u00bb|||\u00bb][et_pb_text _builder_version=\u00bb4.9.4&#8243; text_font=\u00bb||||||||\u00bb text_font_size=\u00bb16px\u00bb text_line_height=\u00bb2em\u00bb header_font=\u00bb||||||||\u00bb header_6_font=\u00bb||||||||\u00bb min_height=\u00bb179px\u00bb text_font_size_tablet=\u00bb\u00bb text_font_size_phone=\u00bb14px\u00bb text_font_size_last_edited=\u00bbon|phone\u00bb locked=\u00bboff\u00bb]<\/p>\n<div id=\"imCell_1\">\n<div style=\"text-align: justify;\"><span class=\"fs15\">En 1999 se crea y reconoce nuestra Aula Hospitalaria como Escuela B\u00e1sica, Particular Subvencionada, para atender s\u00f3lo a ni\u00f1os oncol\u00f3gicos.<\/span><\/div>\n<div style=\"text-align: justify;\"><\/div>\n<div style=\"text-align: justify;\">En el 2000 se modifica el reconocimiento del establecimiento al de <strong>Escuela B\u00e1sica Especial 1672 \u201cOncol\u00f3gica Hospital Roberto del R\u00edo\u201d.<\/strong><\/div>\n<div style=\"text-align: justify;\"><\/div>\n<div style=\"text-align: justify;\">El proyecto educativo amplia su cobertura a los pacientes cr\u00f3nicos de otras unidades<i class=\"fs19\" style=\"font-size: 16px; text-align: left;\">\u00a0<\/i><\/div>\n<div id=\"imCellStyle_1\" data-responsive-sequence-number=\"1\">\n<div id=\"imTextObject_1\">\n<div class=\"text-tab-content\" id=\"imTextObject_1_tab0\">\n<div class=\"text-inner\">\n<div><i class=\"fs19\"><\/i><\/div>\n<\/div>\n<\/div>\n<\/div>\n<\/div>\n<\/div>\n<p>[\/et_pb_text][et_pb_text _builder_version=\u00bb4.9.4&#8243; text_font=\u00bb||||||||\u00bb text_font_size=\u00bb16px\u00bb text_line_height=\u00bb2em\u00bb header_font=\u00bb||||||||\u00bb header_6_font=\u00bb||||||||\u00bb min_height=\u00bb179px\u00bb text_font_size_tablet=\u00bb\u00bb text_font_size_phone=\u00bb14px\u00bb text_font_size_last_edited=\u00bbon|phone\u00bb locked=\u00bboff\u00bb]<\/p>\n<div id=\"imCell_1\">\n<div id=\"imCellStyle_1\" data-responsive-sequence-number=\"1\">\n<div id=\"imTextObject_1\">\n<div class=\"text-tab-content\" id=\"imTextObject_1_tab0\">\n<div class=\"text-inner\">\n<div>\n<p style=\"text-align: justify;\">En estos a\u00f1os nuestra escuela hospitalaria ha centrado su misi\u00f3n para entregar aprendizaje a cada uno de los ni\u00f1os y ni\u00f1as que lo requieren, en las sabias palabras de Gabriela Mistral <strong>\u201cla educaci\u00f3n es ahora, ma\u00f1ana ser\u00e1 tarde\u201d.<\/strong><\/p>\n<p style=\"text-align: justify;\">Por ello la gesti\u00f3n de incorporar a un paciente como paciente-estudiante es r\u00e1pida y efectiva.\u00a0 Coordinando ello con los m\u00e9dicos, enfermeras, la familia y la escuela de origen.<\/p>\n<p style=\"text-align: justify;\">Entre las estrategias fundamentales que permiten al ni\u00f1o y ni\u00f1a aprender en un \u00e1mbito integral se encuentra \u201cel juego\u201d, complementado con un jard\u00edn maravilloso, que permite a los estudiantes disfrutar tambi\u00e9n de la naturaleza, valorarla y cuidarla.<\/p>\n<p style=\"text-align: justify;\">Por supuesto el uso de la tecnolog\u00eda, ha sido fundamental en estos a\u00f1os de pandemia, permitiendo mantener las clases personalizadas con nuestros estudiantes, a trav\u00e9s de whatsaap, zoom o google meet.\u00a0 Logr\u00e1ndose adem\u00e1s seguir con los actos del d\u00eda del libro, d\u00eda de la madre, pueblos originarios, fiestas patrias y celebraci\u00f3n de las graduaciones de fin de a\u00f1o.<\/p>\n<p style=\"text-align: justify;\">La estructura del proceso educativo, tambi\u00e9n permite la inclusi\u00f3n de talleres de lectura entretenida con el grupo giracuentos y de proyectos como \u201chuerto escolar\u201d y \u201ccine\u201d.<\/p>\n<p style=\"text-align: justify;\">\n<p style=\"text-align: justify;\">\n<p style=\"text-align: justify;\">\n<\/div>\n<\/div>\n<\/div>\n<\/div>\n<\/div>\n<\/div>\n<p>[\/et_pb_text][et_pb_text _builder_version=\u00bb4.9.4&#8243; text_font=\u00bb||||||||\u00bb text_font_size=\u00bb16px\u00bb text_line_height=\u00bb2em\u00bb header_font=\u00bb||||||||\u00bb header_6_font=\u00bb||||||||\u00bb min_height=\u00bb179px\u00bb text_font_size_tablet=\u00bb\u00bb text_font_size_phone=\u00bb14px\u00bb text_font_size_last_edited=\u00bbon|phone\u00bb locked=\u00bboff\u00bb]<\/p>\n<div id=\"imCell_1\">\n<div style=\"text-align: justify;\"><i class=\"fs19\" style=\"font-size: 16px; text-align: left;\"><\/i><\/div>\n<div id=\"imCellStyle_1\" data-responsive-sequence-number=\"1\">\n<div id=\"imTextObject_1\">\n<div class=\"text-tab-content\" id=\"imTextObject_1_tab0\">\n<div class=\"text-inner\">\n<div><i class=\"fs19\"><\/i><\/div>\n<\/div>\n<\/div>\n<\/div>\n<\/div>\n<\/div>\n<p>[\/et_pb_text][et_pb_text _builder_version=\u00bb4.9.4&#8243; text_font=\u00bb||||||||\u00bb text_font_size=\u00bb16px\u00bb text_line_height=\u00bb2em\u00bb header_font=\u00bb||||||||\u00bb header_6_font=\u00bb||||||||\u00bb custom_margin=\u00bb-262px|||||\u00bb custom_padding=\u00bb61px||0px|||\u00bb text_font_size_tablet=\u00bb\u00bb text_font_size_phone=\u00bb14px\u00bb text_font_size_last_edited=\u00bbon|phone\u00bb locked=\u00bboff\u00bb]<\/p>\n<div id=\"imCell_1\">\n<div style=\"text-align: justify;\">\n<div><span class=\"fs15\"><b>Trabajo en Aula<\/b><\/span><\/div>\n<div>Se trabaja de acuerdo a bases curriculares y programas de estudio del MINEDUC.<\/div>\n<div>Trabajo personalizado<\/div>\n<div>Refuerzo de contenidos<\/div>\n<div><\/div>\n<div><\/div>\n<div><span class=\"fs11\"><b><\/b><\/span><\/div>\n<div><span class=\"fs11\"><b>Programas con los que trabajamos<\/b><\/span><\/div>\n<div><span class=\"fs11\"><b><\/b><\/span><\/div>\n<div>Biblioteca CRA<\/div>\n<div>Pr\u00e9stamo de textos<\/div>\n<div>Lectura diaria<\/div>\n<div>Lecturas complementarias<\/div>\n<div>Mochila viajera<\/div>\n<p><i class=\"fs19\"><\/i><\/p>\n<\/div>\n<div id=\"imCellStyle_1\" data-responsive-sequence-number=\"1\">\n<div id=\"imTextObject_1\">\n<div class=\"text-tab-content\" id=\"imTextObject_1_tab0\">\n<div class=\"text-inner\">\n<div><\/div>\n<div><i class=\"fs19\">&nbsp;<\/i><i class=\"fs19\"><\/i><\/div>\n<\/div>\n<\/div>\n<\/div>\n<\/div>\n<\/div>\n<p>[\/et_pb_text][\/et_pb_column][et_pb_column type=\u00bb2_5&#8243; _builder_version=\u00bb3.25&#8243; custom_padding=\u00bb|||\u00bb custom_padding__hover=\u00bb|||\u00bb][et_pb_image src=\u00bbhttps:\/\/coayuda.cl\/web2\/wp-content\/uploads\/2021\/05\/coayuda-2.png\u00bb title_text=\u00bbcoayuda-2&#8243; _builder_version=\u00bb4.9.4&#8243; _module_preset=\u00bbdefault\u00bb custom_margin=\u00bb||63px|||\u00bb][\/et_pb_image][et_pb_image src=\u00bbhttps:\/\/coayuda.cl\/web2\/wp-content\/uploads\/2022\/04\/59320212_439755430109174_5861436499865632768_n.jpg\u00bb title_text=\u00bbday_care_img_13&#8243; _builder_version=\u00bb4.9.4&#8243; _module_preset=\u00bbdefault\u00bb custom_margin=\u00bb||63px|||\u00bb][\/et_pb_image][et_pb_image src=\u00bbhttps:\/\/coayuda.cl\/web2\/wp-content\/uploads\/2022\/04\/WhatsApp-Image-2021-05-05-at-09.11.34.jpeg\u00bb _builder_version=\u00bb4.9.4&#8243; _module_preset=\u00bbdefault\u00bb][\/et_pb_image][\/et_pb_column][\/et_pb_row][et_pb_row _builder_version=\u00bb4.9.4&#8243; _module_preset=\u00bbdefault\u00bb background_color=\u00bb#fa6d5e\u00bb][et_pb_column type=\u00bb4_4&#8243; _builder_version=\u00bb4.9.4&#8243; _module_preset=\u00bbdefault\u00bb][et_pb_cta title=\u00bbGaler\u00eda de Actividades\u00bb button_text=\u00bbClics\u00bb _builder_version=\u00bb4.9.4&#8243; _module_preset=\u00bbdefault\u00bb header_font=\u00bbFredoka One||||||||\u00bb header_font_size=\u00bb80px\u00bb background_color=\u00bb#fa6d5e\u00bb custom_padding=\u00bb||18px|||\u00bb][\/et_pb_cta][\/et_pb_column][\/et_pb_row][et_pb_row _builder_version=\u00bb4.9.4&#8243; _module_preset=\u00bbdefault\u00bb custom_margin=\u00bb-65px|auto||auto||\u00bb custom_padding=\u00bb0px|||||\u00bb][et_pb_column type=\u00bb4_4&#8243; _builder_version=\u00bb4.9.4&#8243; _module_preset=\u00bbdefault\u00bb][et_pb_gallery gallery_ids=\u00bb127,131,132,133,134,135,136,137,138,139,140,141,142,143,144,145,146,147,148,149,150,151,152,153,154,155,156,157,158,159,160,161,162,163,164,165,166,167,168,169,170,171,172,173,174,175,176,177,178,179,180,181,182,183,184,185,186,187,188,189,190,191,192,193,194,195,196,197,198,199,200,201,202,203,204,205,206,207,208,209,210,211,212,213,214,215,216,217,218,219,220,221,222,223,224,225,226,227,228,229,230,231,232,233,234,235,236,237,238,239,240,241,242,243,244,245,246,247,248,249,250,251,252,253,254,255,256,257,258,259,260,261,262,263,264,265,266,267,268,269,270,271,272,273,274,275,276,277,278,279,280,281,282,283,284,285,286,287,288,289,290,291,292,293,294,295,296,297,298,299&#8243; fullwidth=\u00bbon\u00bb _builder_version=\u00bb4.9.4&#8243; _module_preset=\u00bbdefault\u00bb child_filter_hue_rotate=\u00bb-1deg\u00bb][\/et_pb_gallery][\/et_pb_column][\/et_pb_row][et_pb_row _builder_version=\u00bb4.9.4&#8243; _module_preset=\u00bbdefault\u00bb background_color=\u00bb#fa6d5e\u00bb custom_margin=\u00bb-29px|auto||auto||\u00bb][et_pb_column type=\u00bb4_4&#8243; _builder_version=\u00bb4.9.4&#8243; _module_preset=\u00bbdefault\u00bb][et_pb_cta title=\u00bbPara comunicarte con la Escuela\u00bb button_text=\u00bbClics\u00bb _builder_version=\u00bb4.9.4&#8243; _module_preset=\u00bbdefault\u00bb background_color=\u00bb#1fc2e2&#8243;]<\/p>\n<div><span style=\"font-size: large;\"><\/span><\/div>\n<div><span style=\"font-size: large;\"><\/span><\/div>\n<div><span style=\"font-size: large;\">Sra. Soledad Nu\u00f1ez Garcia<\/span><\/div>\n<div><span style=\"font-size: large;\">Directora&nbsp;<\/span><\/div>\n<div><span style=\"font-size: large;\">Fono&nbsp;&nbsp;: +56225758331<\/span><\/div>\n<div><span style=\"font-size: large;\">E-mail: escuela.h.r.rio@gmail.com<\/span><\/div>\n<div><span style=\"font-size: large;\">&nbsp; &nbsp;<\/span><\/div>\n<p>[\/et_pb_cta][\/et_pb_column][\/et_pb_row][\/et_pb_section][et_pb_section fb_built=\u00bb1&#8243; admin_label=\u00bbFees\u00bb _builder_version=\u00bb3.22&#8243; parallax=\u00bbon\u00bb module_alignment=\u00bbright\u00bb custom_padding=\u00bb6vw||||false|false\u00bb top_divider_style=\u00bbwaves\u00bb top_divider_color=\u00bb#ffffff\u00bb top_divider_height=\u00bb6vw\u00bb top_divider_repeat=\u00bb0.75x\u00bb top_divider_flip=\u00bbvertical\u00bb box_shadow_style=\u00bbpreset6&#8243; box_shadow_vertical=\u00bb100px\u00bb box_shadow_blur=\u00bb140px\u00bb box_shadow_spread=\u00bb-40px\u00bb box_shadow_color=\u00bbrgba(0,0,0,0.07)\u00bb border_radii__hover=\u00bbon||||\u00bb border_radii__hover_enabled=\u00bbon||||\u00bb][\/et_pb_section][et_pb_section fb_built=\u00bb1&#8243; fullwidth=\u00bbon\u00bb admin_label=\u00bbFooter\u00bb _builder_version=\u00bb3.22&#8243;][et_pb_fullwidth_image src=\u00bbhttps:\/\/coayuda.cl\/web2\/wp-content\/uploads\/2021\/05\/day_care_img_13.jpg\u00bb _builder_version=\u00bb3.17.2&#8243; animation_style=\u00bbslide\u00bb animation_direction=\u00bbbottom\u00bb animation_intensity_slide=\u00bb2%\u00bb][\/et_pb_fullwidth_image][\/et_pb_section]<\/p>\n","protected":false},"excerpt":{"rendered":"<p>[et_pb_section fb_built=\u00bb1&#8243; fullwidth=\u00bbon\u00bb admin_label=\u00bbHeader\u00bb _builder_version=\u00bb4.9.4&#8243; background_color=\u00bb#fa6d5e\u00bb background_image=\u00bbhttps:\/\/coayuda.cl\/web2\/wp-content\/uploads\/2021\/05\/day_care_bg_02.png\u00bb parallax=\u00bbon\u00bb custom_margin=\u00bb||\u00bb custom_padding=\u00bb||\u00bb bottom_divider_height=\u00bb2vw\u00bb bottom_divider_height_last_edited=\u00bboff|desktop\u00bb][et_pb_fullwidth_header title=\u00bbNuestra Escuela\u00bb text_orientation=\u00bbcenter\u00bb content_max_width=\u00bb650px\u00bb _builder_version=\u00bb4.9.4&#8243; title_font=\u00bbFredoka One||||||||\u00bb title_font_size=\u00bb80px\u00bb title_line_height=\u00bb1.4em\u00bb content_font=\u00bbMuli||||||||\u00bb content_font_size=\u00bb18px\u00bb content_line_height=\u00bb1.8em\u00bb subhead_font=\u00bb||||||||\u00bb background_color=\u00bbrgba(126,190,197,0)\u00bb custom_button_one=\u00bbon\u00bb button_one_text_size=\u00bb16px\u00bb button_one_text_color=\u00bb#ff236c\u00bb button_one_bg_color=\u00bb#ffffff\u00bb button_one_border_width=\u00bb12px\u00bb button_one_border_color=\u00bbrgba(0,0,0,0)\u00bb button_one_border_radius=\u00bb50px\u00bb button_one_letter_spacing=\u00bb4px\u00bb button_one_font=\u00bbFredoka One|||on|||||\u00bb button_one_use_icon=\u00bboff\u00bb custom_button_two=\u00bbon\u00bb button_two_text_size=\u00bb16px\u00bb button_two_text_color=\u00bb#ff236c\u00bb button_two_bg_color=\u00bb#ffffff\u00bb button_two_border_width=\u00bb12px\u00bb button_two_border_color=\u00bb#ffffff\u00bb button_two_border_radius=\u00bb50px\u00bb button_two_letter_spacing=\u00bb4px\u00bb button_two_font=\u00bbFredoka One|900||on|||||\u00bb button_two_use_icon=\u00bboff\u00bb custom_margin=\u00bb||||false\u00bb custom_padding=\u00bb8vw||8vw||true\u00bb custom_padding_last_edited=\u00bboff|desktop\u00bb animation_style=\u00bbzoom\u00bb animation_intensity_zoom=\u00bb5%\u00bb title_font_size_tablet=\u00bb60px\u00bb title_font_size_phone=\u00bb40px\u00bb [&hellip;]<\/p>\n","protected":false},"author":2,"featured_media":0,"parent":0,"menu_order":0,"comment_status":"closed","ping_status":"closed","template":"","meta":{"_et_pb_use_builder":"on","_et_pb_old_content":"","_et_gb_content_width":"","footnotes":""},"class_list":["post-93","page","type-page","status-publish","hentry"],"_links":{"self":[{"href":"https:\/\/coayuda.cl\/web2\/wp-json\/wp\/v2\/pages\/93","targetHints":{"allow":["GET"]}}],"collection":[{"href":"https:\/\/coayuda.cl\/web2\/wp-json\/wp\/v2\/pages"}],"about":[{"href":"https:\/\/coayuda.cl\/web2\/wp-json\/wp\/v2\/types\/page"}],"author":[{"embeddable":true,"href":"https:\/\/coayuda.cl\/web2\/wp-json\/wp\/v2\/users\/2"}],"replies":[{"embeddable":true,"href":"https:\/\/coayuda.cl\/web2\/wp-json\/wp\/v2\/comments?post=93"}],"version-history":[{"count":18,"href":"https:\/\/coayuda.cl\/web2\/wp-json\/wp\/v2\/pages\/93\/revisions"}],"predecessor-version":[{"id":402,"href":"https:\/\/coayuda.cl\/web2\/wp-json\/wp\/v2\/pages\/93\/revisions\/402"}],"wp:attachment":[{"href":"https:\/\/coayuda.cl\/web2\/wp-json\/wp\/v2\/media?parent=93"}],"curies":[{"name":"wp","href":"https:\/\/api.w.org\/{rel}","templated":true}]}}